{"id":164,"date":"2018-08-17T11:54:15","date_gmt":"2018-08-17T11:54:15","guid":{"rendered":"http:\/\/www.doisamores.fi\/?page_id=164"},"modified":"2025-05-14T07:11:37","modified_gmt":"2025-05-14T07:11:37","slug":"juhlat-tilaisuudet-ja-tilaukset","status":"publish","type":"page","link":"http:\/\/www.doisamores.fi\/?page_id=164","title":{"rendered":"Juhlat, tilaisuudet ja tilaukset"},"content":{"rendered":"\t\t<div data-elementor-type=\"wp-page\" data-elementor-id=\"164\" class=\"elementor elementor-164\">\n\t\t\t\t<div class=\"elementor-element elementor-element-bd3b75d e-flex e-con-boxed e-con e-parent\" data-id=\"bd3b75d\" data-element_type=\"container\" data-e-type=\"container\">\n\t\t\t\t\t<div class=\"e-con-inner\">\n\t\t\t\t<div class=\"elementor-element elementor-element-433b2e01 elementor-widget elementor-widget-text-editor\" data-id=\"433b2e01\" data-element_type=\"widget\" data-e-type=\"widget\" data-widget_type=\"text-editor.default\">\n\t\t\t\t<div class=\"elementor-widget-container\">\n\t\t\t\t\t\t\t\t\t<p>Paitsi herkullisia, tuotteemme ovat my\u00f6s kauniita ja sopivat hyvin erilaisiin juhliin ja tilaisuuksiin. Valmistamme yksil\u00f6lliset kakut juhlaanne tilauksesta ja otamme huomioon kaikki toiveenne. Tilauksia otetaan vastaan aina, niin pieni\u00e4 kuin my\u00f6s suuria m\u00e4\u00e4ri\u00e4.<\/p>\n<p>Lis\u00e4ksi kahvilassamme on mahdollista j\u00e4rjest\u00e4\u00e4 tilaisuuksia 5-20 hengelle.<\/p>\n<p>Ota yhteytt\u00e4, niin kerromme lis\u00e4\u00e4!<\/p>\n<p>Kahvila Dois Amores<br \/>Roberta Decat-Lund<br \/>Puh. 040 588 3440<br \/>Email: roberta.decat-lund@doisamores.fi<br \/>www.doisamores.fi<br \/><!-- \/wp:image --><!-- wp:image {\"id\":396,\"sizeSlug\":\"large\",\"linkDestination\":\"media\"} --><\/p>\n<!-- wp:gallery {\"linkTo\":\"file\"} --><!-- \/wp:gallery -->\t\t\t\t\t\t\t\t<\/div>\n\t\t\t\t<\/div>\n\t\t\t\t\t<\/div>\n\t\t\t\t<\/div>\n\t\t<div class=\"elementor-element elementor-element-b5d8531 e-grid e-con-boxed e-con e-parent\" data-id=\"b5d8531\" data-element_type=\"container\" data-e-type=\"container\">\n\t\t\t\t\t<div class=\"e-con-inner\">\n\t\t\t\t<div class=\"elementor-element elementor-element-5c52bc7 elementor-widget elementor-widget-image\" data-id=\"5c52bc7\" data-element_type=\"widget\" data-e-type=\"widget\" data-widget_type=\"image.default\">\n\t\t\t\t<div class=\"elementor-widget-container\">\n\t\t\t\t\t\t\t\t\t\t\t\t\t\t\t<img fetchpriority=\"high\" decoding=\"async\" width=\"823\" height=\"1024\" src=\"http:\/\/www.doisamores.fi\/wp-content\/uploads\/2023\/01\/24DEFBFA-BC21-4A8B-B74F-F6564B3EA0FE-823x1024.jpg\" class=\"attachment-large size-large wp-image-398\" alt=\"\" srcset=\"http:\/\/www.doisamores.fi\/wp-content\/uploads\/2023\/01\/24DEFBFA-BC21-4A8B-B74F-F6564B3EA0FE-823x1024.jpg 823w, http:\/\/www.doisamores.fi\/wp-content\/uploads\/2023\/01\/24DEFBFA-BC21-4A8B-B74F-F6564B3EA0FE-241x300.jpg 241w, http:\/\/www.doisamores.fi\/wp-content\/uploads\/2023\/01\/24DEFBFA-BC21-4A8B-B74F-F6564B3EA0FE-768x956.jpg 768w, http:\/\/www.doisamores.fi\/wp-content\/uploads\/2023\/01\/24DEFBFA-BC21-4A8B-B74F-F6564B3EA0FE-1234x1536.jpg 1234w, http:\/\/www.doisamores.fi\/wp-content\/uploads\/2023\/01\/24DEFBFA-BC21-4A8B-B74F-F6564B3EA0FE.jpg 1440w\" sizes=\"(max-width: 823px) 100vw, 823px\" \/>\t\t\t\t\t\t\t\t\t\t\t\t\t\t\t<\/div>\n\t\t\t\t<\/div>\n\t\t\t\t<div class=\"elementor-element elementor-element-723a69d elementor-widget elementor-widget-image\" data-id=\"723a69d\" data-element_type=\"widget\" data-e-type=\"widget\" data-widget_type=\"image.default\">\n\t\t\t\t<div class=\"elementor-widget-container\">\n\t\t\t\t\t\t\t\t\t\t\t\t\t\t\t<img decoding=\"async\" width=\"819\" height=\"1024\" src=\"http:\/\/www.doisamores.fi\/wp-content\/uploads\/2023\/01\/35E720EA-D335-4B69-B675-CD82F4E50383-819x1024.jpg\" class=\"attachment-large size-large wp-image-397\" alt=\"\" srcset=\"http:\/\/www.doisamores.fi\/wp-content\/uploads\/2023\/01\/35E720EA-D335-4B69-B675-CD82F4E50383-819x1024.jpg 819w, http:\/\/www.doisamores.fi\/wp-content\/uploads\/2023\/01\/35E720EA-D335-4B69-B675-CD82F4E50383-240x300.jpg 240w, http:\/\/www.doisamores.fi\/wp-content\/uploads\/2023\/01\/35E720EA-D335-4B69-B675-CD82F4E50383-768x960.jpg 768w, http:\/\/www.doisamores.fi\/wp-content\/uploads\/2023\/01\/35E720EA-D335-4B69-B675-CD82F4E50383-1229x1536.jpg 1229w, http:\/\/www.doisamores.fi\/wp-content\/uploads\/2023\/01\/35E720EA-D335-4B69-B675-CD82F4E50383.jpg 1440w\" sizes=\"(max-width: 819px) 100vw, 819px\" \/>\t\t\t\t\t\t\t\t\t\t\t\t\t\t\t<\/div>\n\t\t\t\t<\/div>\n\t\t\t\t<div class=\"elementor-element elementor-element-5feb668 elementor-widget elementor-widget-image\" data-id=\"5feb668\" data-element_type=\"widget\" data-e-type=\"widget\" data-widget_type=\"image.default\">\n\t\t\t\t<div class=\"elementor-widget-container\">\n\t\t\t\t\t\t\t\t\t\t\t\t\t\t\t<img decoding=\"async\" width=\"848\" height=\"1024\" src=\"http:\/\/www.doisamores.fi\/wp-content\/uploads\/2023\/01\/a9f42e53-bfcb-4917-8948-6d0fadb80ab7.jpg\" class=\"attachment-large size-large wp-image-394\" alt=\"\" srcset=\"http:\/\/www.doisamores.fi\/wp-content\/uploads\/2023\/01\/a9f42e53-bfcb-4917-8948-6d0fadb80ab7.jpg 848w, http:\/\/www.doisamores.fi\/wp-content\/uploads\/2023\/01\/a9f42e53-bfcb-4917-8948-6d0fadb80ab7-248x300.jpg 248w, http:\/\/www.doisamores.fi\/wp-content\/uploads\/2023\/01\/a9f42e53-bfcb-4917-8948-6d0fadb80ab7-768x927.jpg 768w\" sizes=\"(max-width: 848px) 100vw, 848px\" \/>\t\t\t\t\t\t\t\t\t\t\t\t\t\t\t<\/div>\n\t\t\t\t<\/div>\n\t\t\t\t<div class=\"elementor-element elementor-element-f3af0a7 elementor-widget elementor-widget-image\" data-id=\"f3af0a7\" data-element_type=\"widget\" data-e-type=\"widget\" data-widget_type=\"image.default\">\n\t\t\t\t<div class=\"elementor-widget-container\">\n\t\t\t\t\t\t\t\t\t\t\t\t\t\t\t<img loading=\"lazy\" decoding=\"async\" width=\"819\" height=\"1024\" src=\"http:\/\/www.doisamores.fi\/wp-content\/uploads\/2023\/01\/AD98F546-BAD7-4112-B67B-4DAF99156AFD-819x1024.jpg\" class=\"attachment-large size-large wp-image-395\" alt=\"\" srcset=\"http:\/\/www.doisamores.fi\/wp-content\/uploads\/2023\/01\/AD98F546-BAD7-4112-B67B-4DAF99156AFD-819x1024.jpg 819w, http:\/\/www.doisamores.fi\/wp-content\/uploads\/2023\/01\/AD98F546-BAD7-4112-B67B-4DAF99156AFD-240x300.jpg 240w, http:\/\/www.doisamores.fi\/wp-content\/uploads\/2023\/01\/AD98F546-BAD7-4112-B67B-4DAF99156AFD-768x960.jpg 768w, http:\/\/www.doisamores.fi\/wp-content\/uploads\/2023\/01\/AD98F546-BAD7-4112-B67B-4DAF99156AFD-1229x1536.jpg 1229w, http:\/\/www.doisamores.fi\/wp-content\/uploads\/2023\/01\/AD98F546-BAD7-4112-B67B-4DAF99156AFD.jpg 1440w\" sizes=\"(max-width: 819px) 100vw, 819px\" \/>\t\t\t\t\t\t\t\t\t\t\t\t\t\t\t<\/div>\n\t\t\t\t<\/div>\n\t\t\t\t<div class=\"elementor-element elementor-element-6875f80 elementor-widget elementor-widget-image\" data-id=\"6875f80\" data-element_type=\"widget\" data-e-type=\"widget\" data-widget_type=\"image.default\">\n\t\t\t\t<div class=\"elementor-widget-container\">\n\t\t\t\t\t\t\t\t\t\t\t\t\t\t\t<img loading=\"lazy\" decoding=\"async\" width=\"822\" height=\"1024\" src=\"http:\/\/www.doisamores.fi\/wp-content\/uploads\/2023\/01\/CF0AF8CE-33AB-41D2-8490-07E72974833D-822x1024.jpg\" class=\"attachment-large size-large wp-image-399\" alt=\"\" srcset=\"http:\/\/www.doisamores.fi\/wp-content\/uploads\/2023\/01\/CF0AF8CE-33AB-41D2-8490-07E72974833D-822x1024.jpg 822w, http:\/\/www.doisamores.fi\/wp-content\/uploads\/2023\/01\/CF0AF8CE-33AB-41D2-8490-07E72974833D-241x300.jpg 241w, http:\/\/www.doisamores.fi\/wp-content\/uploads\/2023\/01\/CF0AF8CE-33AB-41D2-8490-07E72974833D-768x957.jpg 768w, http:\/\/www.doisamores.fi\/wp-content\/uploads\/2023\/01\/CF0AF8CE-33AB-41D2-8490-07E72974833D-1233x1536.jpg 1233w, http:\/\/www.doisamores.fi\/wp-content\/uploads\/2023\/01\/CF0AF8CE-33AB-41D2-8490-07E72974833D.jpg 1440w\" sizes=\"(max-width: 822px) 100vw, 822px\" \/>\t\t\t\t\t\t\t\t\t\t\t\t\t\t\t<\/div>\n\t\t\t\t<\/div>\n\t\t\t\t<div class=\"elementor-element elementor-element-09a25cd elementor-widget elementor-widget-image\" data-id=\"09a25cd\" data-element_type=\"widget\" data-e-type=\"widget\" data-widget_type=\"image.default\">\n\t\t\t\t<div class=\"elementor-widget-container\">\n\t\t\t\t\t\t\t\t\t\t\t\t\t\t\t<img loading=\"lazy\" decoding=\"async\" width=\"768\" height=\"1024\" src=\"http:\/\/www.doisamores.fi\/wp-content\/uploads\/2023\/01\/IMG_1920-768x1024.jpg\" class=\"attachment-large size-large wp-image-396\" alt=\"\" srcset=\"http:\/\/www.doisamores.fi\/wp-content\/uploads\/2023\/01\/IMG_1920-768x1024.jpg 768w, http:\/\/www.doisamores.fi\/wp-content\/uploads\/2023\/01\/IMG_1920-225x300.jpg 225w, http:\/\/www.doisamores.fi\/wp-content\/uploads\/2023\/01\/IMG_1920-1152x1536.jpg 1152w, http:\/\/www.doisamores.fi\/wp-content\/uploads\/2023\/01\/IMG_1920-1536x2048.jpg 1536w, http:\/\/www.doisamores.fi\/wp-content\/uploads\/2023\/01\/IMG_1920-scaled.jpg 1920w\" sizes=\"(max-width: 768px) 100vw, 768px\" \/>\t\t\t\t\t\t\t\t\t\t\t\t\t\t\t<\/div>\n\t\t\t\t<\/div>\n\t\t\t\t\t<\/div>\n\t\t\t\t<\/div>\n\t\t\t\t<\/div>\n\t\t","protected":false},"excerpt":{"rendered":"<p>Paitsi herkullisia, tuotteemme ovat my\u00f6s kauniita ja sopivat hyvin erilaisiin juhliin ja tilaisuuksiin. Valmistamme yksil\u00f6lliset kakut juhlaanne tilauksesta ja otamme huomioon kaikki toiveenne. Tilauksia otetaan vastaan aina, niin pieni\u00e4 kuin my\u00f6s suuria m\u00e4\u00e4ri\u00e4. Lis\u00e4ksi kahvilassamme on mahdollista j\u00e4rjest\u00e4\u00e4 tilaisuuksia 5-20 hengelle. Ota yhteytt\u00e4, niin kerromme lis\u00e4\u00e4! Kahvila Dois AmoresRoberta Decat-LundPuh. 040 588 3440Email: roberta.decat-lund@doisamores.fiwww.doisamores.fi<\/p>\n","protected":false},"author":1,"featured_media":0,"parent":0,"menu_order":0,"comment_status":"closed","ping_status":"closed","template":"","meta":{"site-sidebar-layout":"default","site-content-layout":"default","ast-site-content-layout":"default","site-content-style":"default","site-sidebar-style":"default","ast-global-header-display":"","ast-banner-title-visibility":"","ast-main-header-display":"","ast-hfb-above-header-display":"","ast-hfb-below-header-display":"","ast-hfb-mobile-header-display":"","site-post-title":"","ast-breadcrumbs-content":"","ast-featured-img":"","footer-sml-layout":"","theme-transparent-header-meta":"default","adv-header-id-meta":"","stick-header-meta":"","header-above-stick-meta":"","header-main-stick-meta":"","header-below-stick-meta":"","astra-migrate-meta-layouts":"default","ast-page-background-enabled":"default","ast-page-background-meta":{"desktop":{"background-color":"","background-image":"","background-repeat":"repeat","background-position":"center center","background-size":"auto","background-attachment":"scroll","background-type":"","background-media":"","overlay-type":"","overlay-color":"","overlay-opacity":"","overlay-gradient":""},"tablet":{"background-color":"","background-image":"","background-repeat":"repeat","background-position":"center center","background-size":"auto","background-attachment":"scroll","background-type":"","background-media":"","overlay-type":"","overlay-color":"","overlay-opacity":"","overlay-gradient":""},"mobile":{"background-color":"","background-image":"","background-repeat":"repeat","background-position":"center center","background-size":"auto","background-attachment":"scroll","background-type":"","background-media":"","overlay-type":"","overlay-color":"","overlay-opacity":"","overlay-gradient":""}},"ast-content-background-meta":{"desktop":{"background-color":"var(--ast-global-color-5)","background-image":"","background-repeat":"repeat","background-position":"center center","background-size":"auto","background-attachment":"scroll","background-type":"","background-media":"","overlay-type":"","overlay-color":"","overlay-opacity":"","overlay-gradient":""},"tablet":{"background-color":"var(--ast-global-color-5)","background-image":"","background-repeat":"repeat","background-position":"center center","background-size":"auto","background-attachment":"scroll","background-type":"","background-media":"","overlay-type":"","overlay-color":"","overlay-opacity":"","overlay-gradient":""},"mobile":{"background-color":"var(--ast-global-color-5)","background-image":"","background-repeat":"repeat","background-position":"center center","background-size":"auto","background-attachment":"scroll","background-type":"","background-media":"","overlay-type":"","overlay-color":"","overlay-opacity":"","overlay-gradient":""}},"footnotes":""},"class_list":["post-164","page","type-page","status-publish","hentry"],"_links":{"self":[{"href":"http:\/\/www.doisamores.fi\/index.php?rest_route=\/wp\/v2\/pages\/164","targetHints":{"allow":["GET"]}}],"collection":[{"href":"http:\/\/www.doisamores.fi\/index.php?rest_route=\/wp\/v2\/pages"}],"about":[{"href":"http:\/\/www.doisamores.fi\/index.php?rest_route=\/wp\/v2\/types\/page"}],"author":[{"embeddable":true,"href":"http:\/\/www.doisamores.fi\/index.php?rest_route=\/wp\/v2\/users\/1"}],"replies":[{"embeddable":true,"href":"http:\/\/www.doisamores.fi\/index.php?rest_route=%2Fwp%2Fv2%2Fcomments&post=164"}],"version-history":[{"count":15,"href":"http:\/\/www.doisamores.fi\/index.php?rest_route=\/wp\/v2\/pages\/164\/revisions"}],"predecessor-version":[{"id":593,"href":"http:\/\/www.doisamores.fi\/index.php?rest_route=\/wp\/v2\/pages\/164\/revisions\/593"}],"wp:attachment":[{"href":"http:\/\/www.doisamores.fi\/index.php?rest_route=%2Fwp%2Fv2%2Fmedia&parent=164"}],"curies":[{"name":"wp","href":"https:\/\/api.w.org\/{rel}","templated":true}]}}